{"id":2097,"date":"2021-04-28T09:33:39","date_gmt":"2021-04-28T09:33:39","guid":{"rendered":"https:\/\/amigoresidencial.com\/residencia-centro-dia-mayores-barcelona-llar-amigo\/"},"modified":"2024-07-16T09:49:11","modified_gmt":"2024-07-16T09:49:11","slug":"residencia-per-gent-gran-llar-amigo","status":"publish","type":"page","link":"https:\/\/amigoresidencial.com\/ca\/","title":{"rendered":"Resid\u00e8ncia i centre de dia per a gent gran a Barcelona &#8211; Llar amig\u00f3"},"content":{"rendered":"<div class=\"wpb-content-wrapper\"><p>[vc_row css_animation=&#8221;&#8221; row_type=&#8221;row&#8221; use_row_as_full_screen_section=&#8221;no&#8221; type=&#8221;full_width&#8221; angled_section=&#8221;no&#8221; text_align=&#8221;left&#8221; background_image_as_pattern=&#8221;without_pattern&#8221;][vc_column][rev_slider_vc alias=&#8221;inicio-1&#8243;][\/vc_column][\/vc_row][vc_row css_animation=&#8221;&#8221; row_type=&#8221;row&#8221; use_row_as_full_screen_section=&#8221;no&#8221; type=&#8221;grid&#8221; angled_section=&#8221;no&#8221; text_align=&#8221;center&#8221; background_image_as_pattern=&#8221;without_pattern&#8221; z_index=&#8221;&#8221; css=&#8221;.vc_custom_1685551839047{background-color: #557bbd !important;}&#8221;][vc_column][vc_empty_space height=&#8221;60px&#8221;][vc_column_text css=&#8221;.vc_custom_1685551849691{border-top-width: 2px !important;border-right-width: 2px !important;border-bottom-width: 2px !important;border-left-width: 2px !important;padding-top: 50px !important;padding-right: 50px !important;padding-bottom: 50px !important;padding-left: 50px !important;background-color: #557bbd !important;border-left-color: #ffffff !important;border-left-style: solid !important;border-right-color: #ffffff !important;border-right-style: solid !important;border-top-color: #ffffff !important;border-top-style: solid !important;border-bottom-color: #ffffff !important;border-bottom-style: solid !important;border-radius: 1px !important;}&#8221;]<\/p>\n<h2 id=\"tw-target-text\" class=\"tw-data-text tw-text-large tw-ta\" dir=\"ltr\" style=\"text-align: center;\" data-placeholder=\"Translation\"><strong><span class=\"Y2IQFc\" lang=\"ca\" style=\"color: #ffffff;\">Oferim estades TEMPORALS, <\/span><\/strong><\/h2>\n<h2 class=\"tw-data-text tw-text-large tw-ta\" dir=\"ltr\" style=\"text-align: center;\" data-placeholder=\"Translation\"><strong><span class=\"Y2IQFc\" lang=\"ca\" style=\"color: #ffffff;\">PERMANENTS, per REHABILITACI\u00d3 i DESCANS.<\/span><\/strong><\/h2>\n<p>[\/vc_column_text][vc_empty_space height=&#8221;60px&#8221;][vc_empty_space height=&#8221;12&#8243;]<a  itemprop=\"url\" href=\"https:\/\/amigoresidencial.com\/ca\/estades-temporals\/\" target=\"_self\" data-hover-background-color='#ffffff' data-hover-border-color='#ffffff'  class=\"qbutton  default\" style=\"color: #557bbd; border-color: #ffffff; background-color: #ffffff;\">M\u00e9s informaci\u00f3<span aria-hidden=\"true\" class=\"qode_icon_font_elegant arrow_carrot-2right qode_button_icon_element\" style=\"color: #557bbd;\" ><\/span><\/a>[vc_empty_space height=&#8221;60px&#8221;][\/vc_column][\/vc_row][vc_row css_animation=&#8221;&#8221; row_type=&#8221;row&#8221; use_row_as_full_screen_section=&#8221;no&#8221; type=&#8221;grid&#8221; angled_section=&#8221;no&#8221; text_align=&#8221;center&#8221; background_image_as_pattern=&#8221;without_pattern&#8221; z_index=&#8221;&#8221; background_color=&#8221;#ffffff&#8221;][vc_column][vc_empty_space][vc_column_text]<\/p>\n<h1 style=\"font-size: 24px; font-weight: bold; margin-bottom: 17px;\"><span style=\"color: #557bbd;\"><strong>Resid\u00e8ncia per a gent gran a Barcelona<\/strong><\/span><\/h1>\n<p><span style=\"color: #333333;\"><strong><span style=\"font-family: Poppins, sans-serif; font-size: 40px;\">Benvinguts a <\/span><\/strong><strong><span style=\"font-family: Poppins, sans-serif; font-size: 40px;\">Llar Amig\u00f3<\/span><\/strong><\/span>[\/vc_column_text][vc_empty_space][vc_column_text el_class=&#8221;clsjustify&#8221;]<\/p>\n<p style=\"text-align: center;\"><span style=\"color: #333333;\">A la resid\u00e8ncia Llar Amig\u00f3 nom\u00e9s tenim un objectiu, que els nostres avis estiguin com a casa. Llar Amig\u00f3 neix per la inquietud de voler <strong>FER LES COSES MILLOR<\/strong>, ja que els nostres majors requereixen una atenci\u00f3 global excel\u00b7lent, tenint en compte totes les seves necessitats, com sentir-se cuidats, sentir-se escoltats, gaudint de plaers com la tranquil\u00b7litat o podent compartir estones de rialles amb els altres companys i companyes.<\/span><\/p>\n<p>&nbsp;<\/p>\n<p style=\"text-align: center;\"><span style=\"color: #333333;\"><strong>Tenim experi\u00e8ncia sanit\u00e0ria acreditada cuidant la nostra gent gran<\/strong> i aix\u00f2 \u00e9s evident des del primer moment\u00a0en qu\u00e8\u00a0s&#8217;entra per la porta de Llar Amig\u00f3. Ens encanta, a m\u00e9s, anar m\u00e9s enll\u00e0 de l&#8217;atenci\u00f3 purament sanit\u00e0ria, ja que l&#8217;afecte i sentir-se com a casa s\u00f3n el nostre senyal d&#8217;identitat.<\/span><\/p>\n<p>&nbsp;<\/p>\n<p style=\"text-align: center;\"><span style=\"color: #333333;\">Els espais estan pensats i dimensionats per proporcionar cures basades en\u00a0<span class=\"hiddenSpellError\">ACP<\/span>\u00a0(Atenci\u00f3 Centrada a la Persona), sense barreres arquitect\u00f2niques i tot est\u00e0 enfocat cap al confort i cura dels nostres majors. Sens dubte, la <strong>nostra ubicaci\u00f3 fa que la nostra gent gran pugui sentir-se part del barri<\/strong>, com sempre van voler.<\/span><\/p>\n<p>&nbsp;<\/p>\n<p style=\"text-align: center;\"><span style=\"color: #333333;\">El nostre equip estar\u00e0 sempre a l&#8217;altura de qualsevol circumst\u00e0ncia, ja que l&#8217;<span class=\"hiddenSpellError\">ACP<\/span>\u00a0(Atenci\u00f3 Centrada a la Persona) \u00e9s la nostra m\u00e0xima. Per descomptat, a la resid\u00e8ncia Llar Amig\u00f3 busquem l&#8217;atenci\u00f3 excel\u00b7lent a la gent gran i la tranquil\u00b7litat de les seves fam\u00edlies.<\/span><\/p>\n<p>&nbsp;<\/p>\n<p style=\"text-align: center;\"><span style=\"color: #333333;\">Som <strong>Centre Col\u00b7laborador de la Generalitat de Catalunya<\/strong>, amb el que disposem de <strong>places p\u00fabliques i privades<\/strong>, aquestes \u00faltimes amb possibilitat de Prestaci\u00f3 Econ\u00f2mica Vinculada.<\/span><\/p>\n<p>[\/vc_column_text][vc_empty_space height=&#8221;25px&#8221;]<a  itemprop=\"url\" href=\"https:\/\/amigoresidencial.com\/sample-page\/quienes-somos\/\" target=\"_self\" data-hover-background-color='#557bbd' data-hover-border-color='#557bbd'  class=\"qbutton  medium center enlarge\" style=\"color: #ffffff; border-color: #557bbd; background-color: #557bbd;\">M\u00e9s informaci\u00f3<span aria-hidden=\"true\" class=\"qode_icon_font_elegant arrow_carrot-2right qode_button_icon_element\" style=\"color: #ffffff;\" ><\/span><\/a>[vc_empty_space height=&#8221;60px&#8221;][\/vc_column][\/vc_row][vc_row css_animation=&#8221;element_from_bottom&#8221; row_type=&#8221;row&#8221; use_row_as_full_screen_section=&#8221;yes&#8221; type=&#8221;grid&#8221; angled_section=&#8221;no&#8221; text_align=&#8221;center&#8221; background_image_as_pattern=&#8221;without_pattern&#8221; z_index=&#8221;&#8221; css=&#8221;.vc_custom_1669208265935{background-color: #d9d9d9 !important;}&#8221;][vc_column][vc_empty_space height=&#8221;50px&#8221;][vc_column_text]<\/p>\n<h2 style=\"text-align: center;\"><span style=\"color: #333333;\">El nostre valor diferencial<\/span><\/h2>\n<p>[\/vc_column_text][vc_separator type=&#8221;small&#8221; position=&#8221;center&#8221; thickness=&#8221;1,5&#8243; color=&#8221;#333333&#8243; transparency=&#8221;1&#8243; width=&#8221;20&#8243;][vc_empty_space][\/vc_column][\/vc_row][vc_row css_animation=&#8221;&#8221; row_type=&#8221;row&#8221; use_row_as_full_screen_section=&#8221;no&#8221; type=&#8221;grid&#8221; angled_section=&#8221;no&#8221; text_align=&#8221;left&#8221; background_image_as_pattern=&#8221;without_pattern&#8221; z_index=&#8221;&#8221; css=&#8221;.vc_custom_1669208276535{background-color: #d9d9d9 !important;}&#8221;][vc_column width=&#8221;1\/3&#8243;][vc_column_text css=&#8221;.vc_custom_1721123207145{border-top-width: 4px !important;border-right-width: 4px !important;border-bottom-width: 4px !important;border-left-width: 4px !important;background-color: #557bbd !important;border-left-color: #557bbd !important;border-left-style: solid !important;border-right-color: #557bbd !important;border-right-style: solid !important;border-top-color: #557bbd !important;border-top-style: solid !important;border-bottom-color: #557bbd !important;border-bottom-style: solid !important;border-radius: 1px !important;}&#8221;]<\/p>\n<p style=\"text-align: center;\"><span style=\"color: #ffffff;\"><strong>BONA UBICACI\u00d3<\/strong><\/span><\/p>\n<p>[\/vc_column_text][vc_empty_space height=&#8221;15px&#8221;][vc_column_text]<span style=\"color: #333333;\">La proximitat amb el barri \u00e9s un factor fonamental, ja que la interacci\u00f3 amb les &#8220;coses de sempre&#8221; fa que els nostres grans se sentin protegits i segurs. A m\u00e9s, la comunicaci\u00f3 amb els transports p\u00fablics \u00e9s immillorable.<\/span>[\/vc_column_text][vc_empty_space height=&#8221;15px&#8221;][\/vc_column][vc_column width=&#8221;1\/3&#8243;][vc_column_text css=&#8221;.vc_custom_1721123219226{border-top-width: 4px !important;border-right-width: 4px !important;border-bottom-width: 4px !important;border-left-width: 4px !important;background-color: #557bbd !important;border-left-color: #557bbd !important;border-left-style: solid !important;border-right-color: #557bbd !important;border-right-style: solid !important;border-top-color: #557bbd !important;border-top-style: solid !important;border-bottom-color: #557bbd !important;border-bottom-style: solid !important;border-radius: 1px !important;}&#8221;]<\/p>\n<p style=\"text-align: center;\"><strong><span style=\"color: #ffffff;\">ATENCI\u00d3 CENTRADA EN LA PERSONA<\/span><\/strong><\/p>\n<p>[\/vc_column_text][vc_empty_space height=&#8221;15px&#8221;][vc_column_text]<span style=\"color: #333333;\">La nostra estimulaci\u00f3 cognitiva juga un paper essencial a l&#8217;<span class=\"hiddenSpellError\">ACP<\/span>\u00a0(Atenci\u00f3 Centrada a la Persona). Per aquesta ra\u00f3, sempre estem realitzant tallers multisensorials i exercicis per a la mem\u00f2ria.<\/span>[\/vc_column_text][vc_empty_space height=&#8221;15px&#8221;][\/vc_column][vc_column width=&#8221;1\/3&#8243;][vc_column_text css=&#8221;.vc_custom_1721123233445{border-top-width: 4px !important;border-right-width: 4px !important;border-bottom-width: 4px !important;border-left-width: 4px !important;background-color: #557bbd !important;border-left-color: #557bbd !important;border-left-style: solid !important;border-right-color: #557bbd !important;border-right-style: solid !important;border-top-color: #557bbd !important;border-top-style: solid !important;border-bottom-color: #557bbd !important;border-bottom-style: solid !important;border-radius: 1px !important;}&#8221;]<\/p>\n<p style=\"text-align: center;\"><span style=\"color: #ffffff;\"><strong>ENTORN TRANQUIL<\/strong><\/span><\/p>\n<p>[\/vc_column_text][vc_empty_space height=&#8221;15px&#8221;][vc_column_text]<span style=\"color: #333333;\">Les zones comunes, amb la nostra sala com a element principal, estan pensades per donar la millor de les atencions als nostres residents, des de la tranquil\u00b7litat del barri de Sarri\u00e0-Sant Gervasi (molt a prop de Tur\u00f3 Parc), passant per les blanques habitacions, fins al nostre jard\u00ed vertical de benvinguda.<\/span>[\/vc_column_text][\/vc_column][\/vc_row][vc_row css_animation=&#8221;&#8221; row_type=&#8221;row&#8221; use_row_as_full_screen_section=&#8221;no&#8221; type=&#8221;full_width&#8221; angled_section=&#8221;no&#8221; text_align=&#8221;left&#8221; background_image_as_pattern=&#8221;without_pattern&#8221; css=&#8221;.vc_custom_1669208299358{background-color: #d9d9d9 !important;}&#8221; z_index=&#8221;&#8221;][vc_column][vc_empty_space][\/vc_column][\/vc_row][vc_row css_animation=&#8221;&#8221; row_type=&#8221;row&#8221; use_row_as_full_screen_section=&#8221;no&#8221; type=&#8221;full_width&#8221; angled_section=&#8221;no&#8221; text_align=&#8221;left&#8221; background_image_as_pattern=&#8221;without_pattern&#8221; z_index=&#8221;&#8221; background_image=&#8221;1994&#8243;][vc_column][vc_empty_space height=&#8221;300px&#8221;][vc_column_text][\/vc_column_text][vc_empty_space height=&#8221;400px&#8221;][\/vc_column][\/vc_row][vc_row css_animation=&#8221;element_from_bottom&#8221; row_type=&#8221;row&#8221; use_row_as_full_screen_section=&#8221;no&#8221; type=&#8221;grid&#8221; angled_section=&#8221;no&#8221; text_align=&#8221;center&#8221; background_image_as_pattern=&#8221;without_pattern&#8221; z_index=&#8221;&#8221; background_color=&#8221;#006633&#8243; css=&#8221;.vc_custom_1685551701404{padding-top: 50px !important;padding-right: 50px !important;padding-bottom: 50px !important;padding-left: 50px !important;background-color: #557bbd !important;}&#8221;][vc_column][vc_empty_space height=&#8221;10px&#8221;][vc_column_text]<\/p>\n<h2 style=\"text-align: center; color: #fff;\">Servicios<\/h2>\n<p>[\/vc_column_text][vc_separator type=&#8221;small&#8221; position=&#8221;center&#8221; thickness=&#8221;1,5&#8243; color=&#8221;#ffffff&#8221; transparency=&#8221;1&#8243; width=&#8221;20&#8243;][vc_empty_space][vc_column_text]<\/p>\n<p class=\"parrafo\" style=\"text-align: center;\">El nostre principal objectiu \u00e9s donar una atenci\u00f3 global excel\u00b7lent.<\/p>\n<p>[\/vc_column_text][\/vc_column][\/vc_row][vc_row css_animation=&#8221;element_from_bottom&#8221; row_type=&#8221;row&#8221; use_row_as_full_screen_section=&#8221;no&#8221; type=&#8221;grid&#8221; angled_section=&#8221;no&#8221; text_align=&#8221;left&#8221; background_image_as_pattern=&#8221;without_pattern&#8221; z_index=&#8221;&#8221; background_color=&#8221;#006633&#8243; css=&#8221;.vc_custom_1669290941229{background-color: #557bbd !important;}&#8221;][vc_column width=&#8221;1\/4&#8243; el_class=&#8221;cajaServicios&#8221;][vc_empty_space height=&#8221;20px&#8221;][vc_raw_html]JTNDZGl2JTIwY2xhc3MlM0QlMjJjYWphRGl2U2VydmljaW8lMjIlM0UlMEElM0NpbWclMjBzdHlsZSUzRCUyMndpZHRoJTNBJTIwNTJweCUzQiUyMiUyMGFsdCUzRCUyMlNlcnZlaSUyMG0lQzMlQThkaWMlMjBwZXIlMjBhJTIwZ2VudCUyMGdyYW4lMjIlMjBzcmMlM0QlMjJodHRwcyUzQSUyRiUyRmFtaWdvcmVzaWRlbmNpYWwuY29tJTJGd3AtY29udGVudCUyRnVwbG9hZHMlMkYyMDIxJTJGMDUlMkZpY29uLTAwMS5wbmclMjIlM0UlMEElM0NoMyUyMGNsYXNzJTNEJTIydGl0dWxvU2VydmljaW8lMjIlM0VET0NUT1JBJTNDJTJGaDMlM0UlMEElM0MlMkZkaXYlM0U=[\/vc_raw_html][vc_empty_space][\/vc_column][vc_column width=&#8221;1\/4&#8243; el_class=&#8221;cajaServicios&#8221;][vc_empty_space height=&#8221;20px&#8221;][vc_raw_html]JTNDZGl2JTIwY2xhc3MlM0QlMjJjYWphRGl2U2VydmljaW8lMjIlM0UlMEElM0NpbWclMjBzdHlsZSUzRCUyMndpZHRoJTNBJTIwNTJweCUzQiUyMiUyMGFsdCUzRCUyMlNlcnZlaSUyMGQlMjdJbmZlcm1lcmlhJTIwcGVyJTIwYSUyMGdlbnQlMjBncmFuJTIyJTIwc3JjJTNEJTIyaHR0cHMlM0ElMkYlMkZhbWlnb3Jlc2lkZW5jaWFsLmNvbSUyRndwLWNvbnRlbnQlMkZ1cGxvYWRzJTJGMjAyMSUyRjA1JTJGaWNvbi0wMDIucG5nJTIyJTNFJTBBJTNDaDMlMjBjbGFzcyUzRCUyMnRpdHVsb1NlcnZpY2lvJTIyJTNFSU5GRVJNRVJJQSUzQyUyRmgzJTNFJTBBJTNDJTJGZGl2JTNF[\/vc_raw_html][vc_empty_space][\/vc_column][vc_column width=&#8221;1\/4&#8243; el_class=&#8221;cajaServicios&#8221;][vc_empty_space height=&#8221;20px&#8221;][vc_raw_html]JTNDZGl2JTIwY2xhc3MlM0QlMjJjYWphRGl2U2VydmljaW8lMjIlM0UlMEElM0NpbWclMjBzdHlsZSUzRCUyMndpZHRoJTNBJTIwNTJweCUzQiUyMiUyMGFsdCUzRCUyMlNlcnZpY2lvJTIwZGUlMjBSZWhhYmlsaXRhY2klQzMlQjNuJTIwcGFyYSUyME1heW9yZXMlMjIlMjBzcmMlM0QlMjJodHRwcyUzQSUyRiUyRmFtaWdvcmVzaWRlbmNpYWwuY29tJTJGd3AtY29udGVudCUyRnVwbG9hZHMlMkYyMDIxJTJGMDUlMkZpY29uLTAwMy5wbmclMjIlM0UlMEElM0NoMyUyMGNsYXNzJTNEJTIydGl0dWxvU2VydmljaW8lMjIlM0VSRUhBQklMSVRBQ0klQzMlOTMlM0MlMkZoMyUzRSUwQSUzQyUyRmRpdiUzRQ==[\/vc_raw_html][vc_empty_space][\/vc_column][vc_column width=&#8221;1\/4&#8243; css=&#8221;.vc_custom_1619778301275{margin-right: 50px !important;}&#8221; el_class=&#8221;cajaServicios&#8221;][vc_empty_space height=&#8221;20px&#8221;][vc_raw_html]JTNDZGl2JTIwY2xhc3MlM0QlMjJjYWphRGl2U2VydmljaW8lMjIlM0UlMEElM0NpbWclMjBzdHlsZSUzRCUyMndpZHRoJTNBJTIwNTJweCUzQiUyMiUyMGFsdCUzRCUyMlNlcnZpY2lvJTIwZGUlMjBQc2ljb2xvZyVDMyVBRGElMjBwYXJhJTIwTWF5b3JlcyUyMiUyMHNyYyUzRCUyMmh0dHBzJTNBJTJGJTJGYW1pZ29yZXNpZGVuY2lhbC5jb20lMkZ3cC1jb250ZW50JTJGdXBsb2FkcyUyRjIwMjElMkYwNSUyRmljb24tMDA0LnBuZyUyMiUzRSUwQSUzQ2gzJTIwY2xhc3MlM0QlMjJ0aXR1bG9TZXJ2aWNpbyUyMiUzRVBTSUNPTE9HSUElM0MlMkZoMyUzRSUwQSUzQyUyRmRpdiUzRQ==[\/vc_raw_html][vc_empty_space][\/vc_column][\/vc_row][vc_row css_animation=&#8221;element_from_bottom&#8221; row_type=&#8221;row&#8221; use_row_as_full_screen_section=&#8221;no&#8221; type=&#8221;grid&#8221; angled_section=&#8221;no&#8221; text_align=&#8221;left&#8221; background_image_as_pattern=&#8221;without_pattern&#8221; z_index=&#8221;&#8221; background_color=&#8221;#006633&#8243; css=&#8221;.vc_custom_1669290941229{background-color: #557bbd !important;}&#8221;][vc_column width=&#8221;1\/3&#8243; el_class=&#8221;cajaServicios&#8221;][vc_empty_space height=&#8221;20px&#8221;][vc_raw_html]JTNDZGl2JTIwY2xhc3MlM0QlMjJjYWphRGl2U2VydmljaW8lMjIlM0UlMEElM0NpbWclMjBzdHlsZSUzRCUyMndpZHRoJTNBJTIwNTJweCUzQiUyMiUyMGFsdCUzRCUyMlNlcnZpY2lvJTIwZGUlMjBQb2RvbG9nJUMzJUFEYSUyMHBhcmElMjBNYXlvcmVzJTIyJTIwc3JjJTNEJTIyaHR0cHMlM0ElMkYlMkZhbWlnb3Jlc2lkZW5jaWFsLmNvbSUyRndwLWNvbnRlbnQlMkZ1cGxvYWRzJTJGMjAyMSUyRjA1JTJGaWNvbi0wMDUucG5nJTIyJTNFJTBBJTNDaDMlMjBjbGFzcyUzRCUyMnRpdHVsb1NlcnZpY2lvJTIyJTNFUE9ET0xPR0lBJTNDJTJGaDMlM0UlMEElM0MlMkZkaXYlM0U=[\/vc_raw_html][vc_empty_space height=&#8221;12px&#8221;][\/vc_column][vc_column width=&#8221;1\/3&#8243; el_class=&#8221;cajaServicios&#8221;][vc_empty_space height=&#8221;20px&#8221;][vc_raw_html]JTNDZGl2JTIwY2xhc3MlM0QlMjJjYWphRGl2U2VydmljaW8lMjIlM0UlMEElM0NpbWclMjBzdHlsZSUzRCUyMndpZHRoJTNBJTIwNTJweCUzQiUyMiUyMGFsdCUzRCUyMlNlcnZpY2lvJTIwZGUlMjBUcmFiYWpvJTIwU29jaWFsJTIwcGFyYSUyME1heW9yZXMlMjIlMjBzcmMlM0QlMjJodHRwcyUzQSUyRiUyRmFtaWdvcmVzaWRlbmNpYWwuY29tJTJGd3AtY29udGVudCUyRnVwbG9hZHMlMkYyMDIxJTJGMDUlMkZpY29uLTAwNi5wbmclMjIlM0UlMEElM0NoMyUyMGNsYXNzJTNEJTIydGl0dWxvU2VydmljaW8lMjIlM0VUUkVCQUxMJTIwU09DSUFMJTNDJTJGaDMlM0UlMEElM0MlMkZkaXYlM0U=[\/vc_raw_html][vc_empty_space height=&#8221;12px&#8221;][\/vc_column][vc_column width=&#8221;1\/3&#8243; el_class=&#8221;cajaServicios&#8221;][vc_empty_space height=&#8221;20px&#8221;][vc_raw_html]JTNDZGl2JTIwY2xhc3MlM0QlMjJjYWphRGl2U2VydmljaW8lMjIlM0UlMEElM0NpbWclMjBzdHlsZSUzRCUyMndpZHRoJTNBJTIwNTJweCUzQiUyMiUyMGFsdCUzRCUyMlNlcnZpY2lvJTIwZGUlMjBQZWx1cXVlciVDMyVBRGElMjBwYXJhJTIwTWF5b3JlcyUyMiUyMHNyYyUzRCUyMmh0dHBzJTNBJTJGJTJGYW1pZ29yZXNpZGVuY2lhbC5jb20lMkZ3cC1jb250ZW50JTJGdXBsb2FkcyUyRjIwMjElMkYwNSUyRmljb24tMDA4LnBuZyUyMiUzRSUwQSUzQ2gzJTIwY2xhc3MlM0QlMjJ0aXR1bG9TZXJ2aWNpbyUyMiUzRVBFTFVRVUVSSUElM0MlMkZoMyUzRSUwQSUzQyUyRmRpdiUzRQ==[\/vc_raw_html][vc_empty_space][\/vc_column][\/vc_row][vc_row css_animation=&#8221;&#8221; row_type=&#8221;row&#8221; use_row_as_full_screen_section=&#8221;no&#8221; type=&#8221;full_width&#8221; angled_section=&#8221;no&#8221; text_align=&#8221;center&#8221; background_image_as_pattern=&#8221;without_pattern&#8221; z_index=&#8221;&#8221; background_color=&#8221;#006633&#8243; css=&#8221;.vc_custom_1669290954549{background-color: #557bbd !important;}&#8221;][vc_column]<a  itemprop=\"url\" href=\"https:\/\/amigoresidencial.com\/servicios\/\" target=\"_self\" data-hover-background-color='#557bbd' data-hover-border-color='#557bbd'  class=\"qbutton  medium center enlarge\" style=\"color: #ffffff; border-color: #557bbd; background-color: #557bbd;\">M\u00e9s informaci\u00f3<span aria-hidden=\"true\" class=\"qode_icon_font_elegant arrow_carrot-2right qode_button_icon_element\" style=\"color: #ffffff;\" ><\/span><\/a>[vc_empty_space][\/vc_column][\/vc_row]<\/p>\n<\/div>","protected":false},"excerpt":{"rendered":"<p>[vc_row css_animation=&#8221;&#8221; row_type=&#8221;row&#8221; use_row_as_full_screen_section=&#8221;no&#8221; type=&#8221;full_width&#8221; angled_section=&#8221;no&#8221; text_align=&#8221;left&#8221; background_image_as_pattern=&#8221;without_pattern&#8221;][vc_column][rev_slider_vc alias=&#8221;inicio-1&#8243;][\/vc_column][\/vc_row][vc_row css_animation=&#8221;&#8221; row_type=&#8221;row&#8221; use_row_as_full_screen_section=&#8221;no&#8221; type=&#8221;grid&#8221; angled_section=&#8221;no&#8221; text_align=&#8221;center&#8221; background_image_as_pattern=&#8221;without_pattern&#8221; z_index=&#8221;&#8221; css=&#8221;.vc_custom_1685551839047{background-color: #557bbd !important;}&#8221;][vc_column][vc_empty_space height=&#8221;60px&#8221;][vc_column_text css=&#8221;.vc_custom_1685551849691{border-top-width: 2px !important;border-right-width: 2px !important;border-bottom-width: 2px !important;border-left-width: 2px !important;padding-top: 50px !important;padding-right: 50px !important;padding-bottom: 50px !important;padding-left: 50px !important;background-color: #557bbd !important;border-left-color: #ffffff !important;border-left-style: solid !important;border-right-color: #ffffff&#8230;<\/p>\n","protected":false},"author":2,"featured_media":1986,"parent":0,"menu_order":0,"comment_status":"closed","ping_status":"closed","template":"full_width.php","meta":{"footnotes":""},"yst_prominent_words":[],"class_list":["post-2097","page","type-page","status-publish","has-post-thumbnail","hentry"],"_links":{"self":[{"href":"https:\/\/amigoresidencial.com\/ca\/wp-json\/wp\/v2\/pages\/2097","targetHints":{"allow":["GET"]}}],"collection":[{"href":"https:\/\/amigoresidencial.com\/ca\/wp-json\/wp\/v2\/pages"}],"about":[{"href":"https:\/\/amigoresidencial.com\/ca\/wp-json\/wp\/v2\/types\/page"}],"author":[{"embeddable":true,"href":"https:\/\/amigoresidencial.com\/ca\/wp-json\/wp\/v2\/users\/2"}],"replies":[{"embeddable":true,"href":"https:\/\/amigoresidencial.com\/ca\/wp-json\/wp\/v2\/comments?post=2097"}],"version-history":[{"count":12,"href":"https:\/\/amigoresidencial.com\/ca\/wp-json\/wp\/v2\/pages\/2097\/revisions"}],"predecessor-version":[{"id":2161,"href":"https:\/\/amigoresidencial.com\/ca\/wp-json\/wp\/v2\/pages\/2097\/revisions\/2161"}],"wp:featuredmedia":[{"embeddable":true,"href":"https:\/\/amigoresidencial.com\/ca\/wp-json\/wp\/v2\/media\/1986"}],"wp:attachment":[{"href":"https:\/\/amigoresidencial.com\/ca\/wp-json\/wp\/v2\/media?parent=2097"}],"wp:term":[{"taxonomy":"yst_prominent_words","embeddable":true,"href":"https:\/\/amigoresidencial.com\/ca\/wp-json\/wp\/v2\/yst_prominent_words?post=2097"}],"curies":[{"name":"wp","href":"https:\/\/api.w.org\/{rel}","templated":true}]}}