{"id":941,"date":"2021-06-03T11:41:40","date_gmt":"2021-06-03T11:41:40","guid":{"rendered":"https:\/\/amigoresidencial.com\/?page_id=941"},"modified":"2023-04-13T10:47:21","modified_gmt":"2023-04-13T10:47:21","slug":"qui-som","status":"publish","type":"page","link":"https:\/\/amigoresidencial.com\/ca\/qui-som\/","title":{"rendered":"Qui som"},"content":{"rendered":"<div class=\"wpb-content-wrapper\"><p>[vc_row css_animation=&#8221;element_from_bottom&#8221; row_type=&#8221;row&#8221; use_row_as_full_screen_section=&#8221;no&#8221; type=&#8221;full_width&#8221; angled_section=&#8221;no&#8221; text_align=&#8221;left&#8221; background_image_as_pattern=&#8221;without_pattern&#8221; z_index=&#8221;&#8221; css=&#8221;.vc_custom_1669293079160{background-color: #d9d9d9 !important;}&#8221;][vc_column][vc_empty_space height=&#8221;60px&#8221;][vc_column_text]<\/p>\n<h1 style=\"text-align: center;\"><span style=\"color: #333333;\"><strong>Qui som<\/strong><\/span><\/h1>\n<p>[\/vc_column_text][vc_separator type=&#8221;small&#8221; position=&#8221;center&#8221; color=&#8221;#333333&#8243; thickness=&#8221;1,5&#8243; width=&#8221;20&#8243;][\/vc_column][\/vc_row][vc_row css_animation=&#8221;&#8221; row_type=&#8221;row&#8221; use_row_as_full_screen_section=&#8221;no&#8221; type=&#8221;full_width&#8221; angled_section=&#8221;no&#8221; text_align=&#8221;left&#8221; background_image_as_pattern=&#8221;without_pattern&#8221; z_index=&#8221;&#8221;][vc_column][vc_empty_space height=&#8221;60px&#8221;][vc_column_text css=&#8221;.vc_custom_1681381953456{margin-right: 80px !important;margin-left: 80px !important;}&#8221;]<span style=\"color: #333333;\"><strong>A la Resid\u00e8ncia Amig\u00f3 estar\u00e0s com a casa<\/strong>, ja que les persones que estem al capdavant som una gran fam\u00edlia. Per descomptat, el fet que siguem una fam\u00edlia \u00e9s sin\u00f2nim de proximitat i estima a l&#8217;hora d&#8217;afrontar i resoldre els problemes. La cura dels nostres majors \u00e9s la primera cosa, perqu\u00e8 el seu benestar i la tranquil\u00b7litat de les seves fam\u00edlies \u00e9s la nostra ra\u00f3 de ser.<\/span><\/p>\n<p>&nbsp;<\/p>\n<p><span style=\"color: #333333;\"><strong>El nostre equip \u00e9s especial<\/strong>, ja que la selecci\u00f3 que en fem est\u00e0 totalment enfocat a vetllar pel benestar dels nostres majors i, per descomptat, l&#8217;experi\u00e8ncia que exigim \u00e9s total. No nom\u00e9s exigim experi\u00e8ncia, sin\u00f3 que exigim vocaci\u00f3 de servei, cosa que fa que l&#8217;atenci\u00f3 que prestem sigui excel\u00b7lent.<\/span><\/p>\n<p>&nbsp;<\/p>\n<p><span style=\"color: #333333;\">Per descomptat, l&#8217;<strong><span class=\"hiddenSpellError\">ACP<\/span><\/strong>\u00a0(Atenci\u00f3 Centrada a la Persona), va m\u00e9s enll\u00e0, perqu\u00e8 en el nostre cas no \u00e9s centrada en la persona, sin\u00f3 que est\u00e0 centrada en el <strong>Sr. Joan<\/strong> que t\u00e9\u00a0<span class=\"hiddenGreenError\">89<\/span>\u00a0anys i encara recorda quan pescava de jove al Delta de l&#8217;Ebre; a la <strong>Sra. Amparo<\/strong>, t\u00e9 uns records fant\u00e0stics dels seus estius quan era petita a Castelldefels o la <strong>Sra. Assumpta<\/strong>, que li encanta que vinguin els seus nets a veure-la tots els diumenges a la tarda i surten a passejar per la Diagonal&#8230;<\/span>[\/vc_column_text][vc_empty_space height=&#8221;60px&#8221;][\/vc_column][\/vc_row][vc_row css_animation=&#8221;&#8221; row_type=&#8221;row&#8221; use_row_as_full_screen_section=&#8221;no&#8221; type=&#8221;full_width&#8221; angled_section=&#8221;no&#8221; text_align=&#8221;left&#8221; background_image_as_pattern=&#8221;without_pattern&#8221;][vc_column][qode_elements_holder background_color=&#8221;#639578&#8243; number_of_columns=&#8221;three_columns&#8221;][qode_elements_holder_item advanced_animations=&#8221;no&#8221; background_color=&#8221;#557bbd&#8221; item_padding=&#8221;40px 40px 40px 40px&#8221;][vc_column_text]<\/p>\n<div class=\"wpb_text_column wpb_content_element vc_custom_1620747173353\">\n<div class=\"wpb_wrapper\">\n<h5 style=\"text-align: center;\">EQUIP PROFESSIONAL<\/h5>\n<\/div>\n<\/div>\n<div class=\"vc_empty_space\" style=\"text-align: center;\"><\/div>\n<p>[\/vc_column_text][vc_separator type=&#8221;small&#8221; position=&#8221;center&#8221; width_in_percentages=&#8221;yes&#8221; color=&#8221;#ffffff&#8221; thickness=&#8221;1,5&#8243; width=&#8221;20&#8243;][vc_column_text]<\/p>\n<div class=\"wpb_text_column wpb_content_element vc_custom_1620747173353\">\n<div class=\"wpb_wrapper\">\n<h4 style=\"text-align: center;\"><span style=\"font-size: 16px;\"><strong>El nostre equip <\/strong><strong>est\u00e0 format per aquests professionals:<\/strong><\/span><\/h4>\n<\/div>\n<\/div>\n<div class=\"vc_empty_space\" style=\"text-align: center;\"><\/div>\n<p>[\/vc_column_text][\/qode_elements_holder_item][qode_elements_holder_item advanced_animations=&#8221;no&#8221; background_color=&#8221;#9b9b9b&#8221; item_padding=&#8221;40px 40px 40px 40px&#8221;][vc_column_text]<\/p>\n<h4 class=\"has-text-align-left\" style=\"text-align: center;\"><strong>DIRECTORA<\/strong><\/h4>\n<p>&nbsp;<\/p>\n<h4 class=\"has-text-align-left\" style=\"text-align: center;\"><strong>\u00a0DOCTORA<\/strong><\/h4>\n<p>&nbsp;<\/p>\n<h4 class=\"has-text-align-left\" style=\"text-align: center;\"><strong>\u00a0INFERMERA<\/strong><\/h4>\n<p>&nbsp;<\/p>\n<h4 class=\"has-text-align-left\" style=\"text-align: center;\"><strong>TERAPEUTA OCUPACIONAL<\/strong><\/h4>\n<p>&nbsp;<\/p>\n<h4 class=\"has-text-align-left\" style=\"text-align: center;\"><strong>FISIOTERAPEUTA<\/strong><\/h4>\n<p>&nbsp;<\/p>\n<h4 class=\"has-text-align-left\" style=\"text-align: center;\"><strong>TREBALLADOR SOCIAL<\/strong><\/h4>\n<p>[\/vc_column_text][\/qode_elements_holder_item][qode_elements_holder_item advanced_animations=&#8221;no&#8221; background_color=&#8221;#557bbd&#8221; item_padding=&#8221;40px 40px 40px 40px&#8221;][vc_column_text]<\/p>\n<h4 class=\"has-text-align-left\" style=\"text-align: center;\"><strong>PSIC\u00d2LEG<\/strong><\/h4>\n<p>&nbsp;<\/p>\n<h4 class=\"has-text-align-left\" style=\"text-align: center;\"><strong>EDUCADOR SOCIAL<\/strong><\/h4>\n<p>&nbsp;<\/p>\n<h4 id=\"tw-target-text\" class=\"tw-data-text tw-text-large tw-ta\" dir=\"ltr\" style=\"text-align: center;\" data-placeholder=\"Translation\"><strong><span class=\"Y2IQFc\" lang=\"ca\">PERSONAL AUXILIAR SOCIAL I SANITARI<\/span><\/strong><\/h4>\n<p>&nbsp;<\/p>\n<h4><\/h4>\n<h4 class=\"has-text-align-left\" style=\"text-align: center;\"><strong>AUXILIAR DE MANTENIMENT<\/strong><\/h4>\n<p>&nbsp;<\/p>\n<h4 class=\"has-text-align-left\" style=\"text-align: center;\"><strong>PERSONAL DE NETEJA<\/strong><\/h4>\n<p>&nbsp;<\/p>\n<h4 class=\"has-text-align-left\" style=\"text-align: center;\"><strong>PERSONAL DE CUINA<\/strong><\/h4>\n<p>[\/vc_column_text][\/qode_elements_holder_item][\/qode_elements_holder][\/vc_column][\/vc_row][vc_row css_animation=&#8221;&#8221; row_type=&#8221;row&#8221; use_row_as_full_screen_section=&#8221;no&#8221; type=&#8221;full_width&#8221; angled_section=&#8221;no&#8221; text_align=&#8221;left&#8221; background_image_as_pattern=&#8221;without_pattern&#8221; z_index=&#8221;&#8221; background_image=&#8221;1996&#8243;][vc_column][vc_empty_space height=&#8221;200px&#8221;][vc_column_text]<\/p>\n<div style=\"text-align: center;\">\n<h2 style=\"background: #ffffffe8; display: inline-block; padding: 0px 10px;\"><span style=\"color: #557bbd;\">LES NOSTRES INSTAL\u00b7LACIONS<\/span><\/h2>\n<p><a class=\"qbutton medium center enlarge\" style=\"color: #ffffff; border-color: #557bbd; background-color: #557bbd; padding-left: 23px; padding-right: 23px; margin-top: 20px;\" href=\"https:\/\/amigoresidencial.com\/instalaciones\/\" target=\"_self\" rel=\"noopener\" data-hover-background-color=\"#557bbd\" data-hover-border-color=\"#557bbd\" data-hover-color=\"#FFFFFF\">M\u00c9S INFORMACI\u00d3 \u00bb<\/a><\/p>\n<\/div>\n<p>[\/vc_column_text][vc_empty_space height=&#8221;200px&#8221;][\/vc_column][\/vc_row]<\/p>\n<\/div>","protected":false},"excerpt":{"rendered":"<p>[vc_row css_animation=&#8221;element_from_bottom&#8221; row_type=&#8221;row&#8221; use_row_as_full_screen_section=&#8221;no&#8221; type=&#8221;full_width&#8221; angled_section=&#8221;no&#8221; text_align=&#8221;left&#8221; background_image_as_pattern=&#8221;without_pattern&#8221; z_index=&#8221;&#8221; css=&#8221;.vc_custom_1669293079160{background-color: #d9d9d9 !important;}&#8221;][vc_column][vc_empty_space height=&#8221;60px&#8221;][vc_column_text] Qui som [\/vc_column_text][vc_separator type=&#8221;small&#8221; position=&#8221;center&#8221; color=&#8221;#333333&#8243; thickness=&#8221;1,5&#8243; width=&#8221;20&#8243;][\/vc_column][\/vc_row][vc_row css_animation=&#8221;&#8221; row_type=&#8221;row&#8221; use_row_as_full_screen_section=&#8221;no&#8221; type=&#8221;full_width&#8221; angled_section=&#8221;no&#8221; text_align=&#8221;left&#8221; background_image_as_pattern=&#8221;without_pattern&#8221; z_index=&#8221;&#8221;][vc_column][vc_empty_space height=&#8221;60px&#8221;][vc_column_text css=&#8221;.vc_custom_1681381953456{margin-right: 80px !important;margin-left: 80px !important;}&#8221;]A la Resid\u00e8ncia Amig\u00f3 estar\u00e0s com a casa, ja que les&#8230;<\/p>\n","protected":false},"author":2,"featured_media":0,"parent":0,"menu_order":0,"comment_status":"closed","ping_status":"closed","template":"full_width.php","meta":{"footnotes":""},"yst_prominent_words":[],"class_list":["post-941","page","type-page","status-publish","hentry"],"_links":{"self":[{"href":"https:\/\/amigoresidencial.com\/ca\/wp-json\/wp\/v2\/pages\/941","targetHints":{"allow":["GET"]}}],"collection":[{"href":"https:\/\/amigoresidencial.com\/ca\/wp-json\/wp\/v2\/pages"}],"about":[{"href":"https:\/\/amigoresidencial.com\/ca\/wp-json\/wp\/v2\/types\/page"}],"author":[{"embeddable":true,"href":"https:\/\/amigoresidencial.com\/ca\/wp-json\/wp\/v2\/users\/2"}],"replies":[{"embeddable":true,"href":"https:\/\/amigoresidencial.com\/ca\/wp-json\/wp\/v2\/comments?post=941"}],"version-history":[{"count":23,"href":"https:\/\/amigoresidencial.com\/ca\/wp-json\/wp\/v2\/pages\/941\/revisions"}],"predecessor-version":[{"id":2109,"href":"https:\/\/amigoresidencial.com\/ca\/wp-json\/wp\/v2\/pages\/941\/revisions\/2109"}],"wp:attachment":[{"href":"https:\/\/amigoresidencial.com\/ca\/wp-json\/wp\/v2\/media?parent=941"}],"wp:term":[{"taxonomy":"yst_prominent_words","embeddable":true,"href":"https:\/\/amigoresidencial.com\/ca\/wp-json\/wp\/v2\/yst_prominent_words?post=941"}],"curies":[{"name":"wp","href":"https:\/\/api.w.org\/{rel}","templated":true}]}}