{"id":971,"date":"2021-06-03T12:45:54","date_gmt":"2021-06-03T12:45:54","guid":{"rendered":"https:\/\/amigoresidencial.com\/?page_id=971"},"modified":"2023-04-13T11:18:13","modified_gmt":"2023-04-13T11:18:13","slug":"instal%c2%b7lacions","status":"publish","type":"page","link":"https:\/\/amigoresidencial.com\/ca\/instal%c2%b7lacions\/","title":{"rendered":"Instal\u00b7lacions"},"content":{"rendered":"<div class=\"wpb-content-wrapper\"><p>[vc_row css_animation=&#8221;element_from_bottom&#8221; row_type=&#8221;row&#8221; use_row_as_full_screen_section=&#8221;no&#8221; type=&#8221;grid&#8221; angled_section=&#8221;no&#8221; text_align=&#8221;center&#8221; background_image_as_pattern=&#8221;without_pattern&#8221; z_index=&#8221;&#8221; css=&#8221;.vc_custom_1669295948550{background-color: #d9d9d9 !important;}&#8221;][vc_column][vc_empty_space height=&#8221;60px&#8221;][vc_column_text]<\/p>\n<h1 style=\"text-align: center;\"><span style=\"color: #333333;\"><strong>Instal-lacions<\/strong><\/span><\/h1>\n<p>[\/vc_column_text][vc_separator type=&#8221;small&#8221; position=&#8221;center&#8221; color=&#8221;#333333&#8243; thickness=&#8221;1,5&#8243; width=&#8221;20&#8243;][\/vc_column][\/vc_row][vc_row css_animation=&#8221;&#8221; row_type=&#8221;row&#8221; use_row_as_full_screen_section=&#8221;no&#8221; type=&#8221;grid&#8221; angled_section=&#8221;no&#8221; text_align=&#8221;left&#8221; background_image_as_pattern=&#8221;without_pattern&#8221; z_index=&#8221;&#8221;][vc_column][vc_empty_space height=&#8221;60px&#8221;][vc_column_text]<span style=\"color: #333333;\">Els nostres espais, tan privats com els de conviv\u00e8ncia, estan pensats i dissenyats per poder gaudir tant de la companyia d&#8217;altres residents, de la companyia de les visites i familiars, com de moments de pau i recolliment personal.<\/span><\/p>\n<p>&nbsp;<\/p>\n<p><span style=\"color: #333333;\"><strong>Tenim habitacions dobles i individuals, moltes exteriors i amb molt\u00edssima llum<\/strong>. Les habitacions estan equipades amb tot el necessari per al benestar dels nostres majors i per atendre les vostres necessitats espec\u00edfiques, segons el seu grau de depend\u00e8ncia. A m\u00e9s, hi ha la possibilitat que aquestes habitacions es puguin <strong>personalitzar<\/strong>, perqu\u00e8 realment estiguem <strong>com a casa<\/strong>.<\/span><\/p>\n<p>&nbsp;<\/p>\n<p><span style=\"color: #333333;\">A m\u00e9s, la nostra <strong>proximitat a Tur\u00f3 Parc i a la Diagonal<\/strong> fa que els nostres grans i familiars puguin passar estones junts gaudint de la nostra ciutat de Barcelona, \u200b\u200bpropera i f\u00e0cil. Per descomptat, aquesta proximitat \u00e9s la que dota Llar Amig\u00f3 d&#8217;una s\u00e8rie de possibilitats gaireb\u00e9 insuperables.<\/span>[\/vc_column_text][vc_empty_space height=&#8221;60px&#8221;][\/vc_column][\/vc_row][vc_row css_animation=&#8221;element_from_bottom&#8221; row_type=&#8221;row&#8221; use_row_as_full_screen_section=&#8221;no&#8221; type=&#8221;grid&#8221; angled_section=&#8221;no&#8221; text_align=&#8221;center&#8221; background_image_as_pattern=&#8221;without_pattern&#8221; z_index=&#8221;&#8221; css=&#8221;.vc_custom_1669296775216{background-color: #d9d9d9 !important;}&#8221;][vc_column][vc_empty_space height=&#8221;60px&#8221;][\/vc_column][\/vc_row][vc_row css_animation=&#8221;element_from_bottom&#8221; row_type=&#8221;row&#8221; use_row_as_full_screen_section=&#8221;no&#8221; type=&#8221;grid&#8221; angled_section=&#8221;no&#8221; text_align=&#8221;center&#8221; background_image_as_pattern=&#8221;without_pattern&#8221; z_index=&#8221;&#8221; css=&#8221;.vc_custom_1669296790999{background-color: #d9d9d9 !important;}&#8221;][vc_column width=&#8221;1\/2&#8243;][vc_single_image image=&#8221;2005&#8243; img_size=&#8221;530&#215;290&#8243; qode_css_animation=&#8221;&#8221; qode_hover_animation=&#8221;zoom_in&#8221;][vc_empty_space height=&#8221;10&#8243;][vc_single_image image=&#8221;1995&#8243; img_size=&#8221;530&#215;290&#8243; qode_css_animation=&#8221;&#8221; qode_hover_animation=&#8221;zoom_in&#8221;][vc_empty_space height=&#8221;10&#8243;][\/vc_column][vc_column width=&#8221;1\/2&#8243;][vc_single_image image=&#8221;2001&#8243; img_size=&#8221;530&#215;290&#8243; qode_css_animation=&#8221;&#8221; qode_hover_animation=&#8221;zoom_in&#8221;][vc_empty_space height=&#8221;10&#8243;][vc_single_image image=&#8221;2007&#8243; img_size=&#8221;530&#215;290&#8243; qode_css_animation=&#8221;&#8221; qode_hover_animation=&#8221;zoom_in&#8221;][vc_empty_space height=&#8221;10&#8243;][\/vc_column][\/vc_row][vc_row css_animation=&#8221;element_from_bottom&#8221; row_type=&#8221;row&#8221; use_row_as_full_screen_section=&#8221;no&#8221; type=&#8221;grid&#8221; angled_section=&#8221;no&#8221; text_align=&#8221;center&#8221; background_image_as_pattern=&#8221;without_pattern&#8221; z_index=&#8221;&#8221; css=&#8221;.vc_custom_1669296804892{background-color: #d9d9d9 !important;}&#8221;][vc_column][vc_empty_space height=&#8221;32&#8243;][\/vc_column][\/vc_row][vc_row css_animation=&#8221;&#8221; row_type=&#8221;row&#8221; use_row_as_full_screen_section=&#8221;no&#8221; type=&#8221;full_width&#8221; angled_section=&#8221;no&#8221; text_align=&#8221;left&#8221; background_image_as_pattern=&#8221;without_pattern&#8221; z_index=&#8221;&#8221; background_image=&#8221;1992&#8243;][vc_column][vc_empty_space height=&#8221;200px&#8221;][vc_column_text]<\/p>\n<div style=\"text-align: center;\">\n<h2 style=\"background: #ffffffe8; display: inline-block; padding: 0px 10px;\"><span style=\"color: #557bbd;\">SERVEIS QUE OFERIM<\/span><\/h2>\n<p><a class=\"qbutton medium center enlarge\" style=\"color: #ffffff; border-color: #557bbd; background-color: #557bbd; padding-left: 23px; padding-right: 23px; margin-top: 20px;\" href=\"https:\/\/amigoresidencial.com\/servicios\/\" target=\"_self\" rel=\"noopener\" data-hover-background-color=\"#557bbd\" data-hover-border-color=\"#557bbd\" data-hover-color=\"#FFFFFF\">M\u00c9S INFORMACI\u00d3 \u00bb<\/a><\/p>\n<\/div>\n<p>[\/vc_column_text][vc_empty_space height=&#8221;200px&#8221;][\/vc_column][\/vc_row]<\/p>\n<\/div>","protected":false},"excerpt":{"rendered":"<p>[vc_row css_animation=&#8221;element_from_bottom&#8221; row_type=&#8221;row&#8221; use_row_as_full_screen_section=&#8221;no&#8221; type=&#8221;grid&#8221; angled_section=&#8221;no&#8221; text_align=&#8221;center&#8221; background_image_as_pattern=&#8221;without_pattern&#8221; z_index=&#8221;&#8221; css=&#8221;.vc_custom_1669295948550{background-color: #d9d9d9 !important;}&#8221;][vc_column][vc_empty_space height=&#8221;60px&#8221;][vc_column_text] Instal-lacions [\/vc_column_text][vc_separator type=&#8221;small&#8221; position=&#8221;center&#8221; color=&#8221;#333333&#8243; thickness=&#8221;1,5&#8243; width=&#8221;20&#8243;][\/vc_column][\/vc_row][vc_row css_animation=&#8221;&#8221; row_type=&#8221;row&#8221; use_row_as_full_screen_section=&#8221;no&#8221; type=&#8221;grid&#8221; angled_section=&#8221;no&#8221; text_align=&#8221;left&#8221; background_image_as_pattern=&#8221;without_pattern&#8221; z_index=&#8221;&#8221;][vc_column][vc_empty_space height=&#8221;60px&#8221;][vc_column_text]Els nostres espais, tan privats com els de conviv\u00e8ncia, estan pensats i dissenyats per poder gaudir tant&#8230;<\/p>\n","protected":false},"author":2,"featured_media":0,"parent":0,"menu_order":0,"comment_status":"closed","ping_status":"closed","template":"full_width.php","meta":{"footnotes":""},"yst_prominent_words":[],"class_list":["post-971","page","type-page","status-publish","hentry"],"_links":{"self":[{"href":"https:\/\/amigoresidencial.com\/ca\/wp-json\/wp\/v2\/pages\/971","targetHints":{"allow":["GET"]}}],"collection":[{"href":"https:\/\/amigoresidencial.com\/ca\/wp-json\/wp\/v2\/pages"}],"about":[{"href":"https:\/\/amigoresidencial.com\/ca\/wp-json\/wp\/v2\/types\/page"}],"author":[{"embeddable":true,"href":"https:\/\/amigoresidencial.com\/ca\/wp-json\/wp\/v2\/users\/2"}],"replies":[{"embeddable":true,"href":"https:\/\/amigoresidencial.com\/ca\/wp-json\/wp\/v2\/comments?post=971"}],"version-history":[{"count":25,"href":"https:\/\/amigoresidencial.com\/ca\/wp-json\/wp\/v2\/pages\/971\/revisions"}],"predecessor-version":[{"id":2112,"href":"https:\/\/amigoresidencial.com\/ca\/wp-json\/wp\/v2\/pages\/971\/revisions\/2112"}],"wp:attachment":[{"href":"https:\/\/amigoresidencial.com\/ca\/wp-json\/wp\/v2\/media?parent=971"}],"wp:term":[{"taxonomy":"yst_prominent_words","embeddable":true,"href":"https:\/\/amigoresidencial.com\/ca\/wp-json\/wp\/v2\/yst_prominent_words?post=971"}],"curies":[{"name":"wp","href":"https:\/\/api.w.org\/{rel}","templated":true}]}}